{"id":32,"date":"2019-04-07T15:33:23","date_gmt":"2019-04-07T18:33:23","guid":{"rendered":"http:\/\/https\/\/web4demos.com.ar\/bellavita\/?post_type=product&#038;p=32"},"modified":"2023-12-03T11:18:51","modified_gmt":"2023-12-03T14:18:51","slug":"toallas","status":"publish","type":"product","link":"https:\/\/www.web4demos.com.ar\/bellavita\/product\/toallas\/","title":{"rendered":"Toallas"},"content":{"rendered":"<p>Toalla 100% algod\u00f3n toalla de ba\u00f1o<\/p>\n<p>6 piezas talla Protecci\u00f3n frente y extra-juego de toallas incluye 2 toallas de ba\u00f1o, 2 toallas de manos, y 2 washcloths<\/p>\n<ul>\n<li>Muy Absorbente impecable con una sensaci\u00f3n de ligereza<\/li>\n<li>Incre\u00edblemente suave toallas turca, condiciones toallas<\/li>\n<li>100% algod\u00f3n terry lazos zero twist para un suave sensaci\u00f3n y toque<\/li>\n<li>Toallas de ba\u00f1o m\u00e9trica 68,58 cm por 137,16 cm; sus medidas a mano<\/li>\n<li>40,64 cm por 76,2 cm; washcloths m\u00e9trica 33,02 x 33,02 cm<\/li>\n<\/ul>\n","protected":false},"excerpt":{"rendered":"<p>Toalla 100% algod\u00f3n toalla de ba\u00f1o 6 piezas talla Protecci\u00f3n frente y extra-juego de toallas incluye 2 toallas de ba\u00f1o, 2 toallas de manos, y 2 washcloths Muy Absorbente impecable con una sensaci\u00f3n de ligereza Incre\u00edblemente suave toallas turca, condiciones toallas 100% algod\u00f3n terry lazos zero twist para un suave sensaci\u00f3n y toque Toallas de [&hellip;]<\/p>\n","protected":false},"featured_media":33,"template":"","meta":{"_et_pb_use_builder":"","_et_pb_old_content":"","_et_gb_content_width":""},"product_brand":[],"product_cat":[20],"product_tag":[27,24],"class_list":{"0":"post-32","1":"product","2":"type-product","3":"status-publish","4":"has-post-thumbnail","6":"product_cat-toallas","7":"product_tag-blanqueria","8":"product_tag-toallas","10":"first","11":"instock","12":"shipping-taxable","13":"purchasable","14":"product-type-variable"},"_links":{"self":[{"href":"https:\/\/www.web4demos.com.ar\/bellavita\/wp-json\/wp\/v2\/product\/32","targetHints":{"allow":["GET"]}}],"collection":[{"href":"https:\/\/www.web4demos.com.ar\/bellavita\/wp-json\/wp\/v2\/product"}],"about":[{"href":"https:\/\/www.web4demos.com.ar\/bellavita\/wp-json\/wp\/v2\/types\/product"}],"wp:featuredmedia":[{"embeddable":true,"href":"https:\/\/www.web4demos.com.ar\/bellavita\/wp-json\/wp\/v2\/media\/33"}],"wp:attachment":[{"href":"https:\/\/www.web4demos.com.ar\/bellavita\/wp-json\/wp\/v2\/media?parent=32"}],"wp:term":[{"taxonomy":"product_brand","embeddable":true,"href":"https:\/\/www.web4demos.com.ar\/bellavita\/wp-json\/wp\/v2\/product_brand?post=32"},{"taxonomy":"product_cat","embeddable":true,"href":"https:\/\/www.web4demos.com.ar\/bellavita\/wp-json\/wp\/v2\/product_cat?post=32"},{"taxonomy":"product_tag","embeddable":true,"href":"https:\/\/www.web4demos.com.ar\/bellavita\/wp-json\/wp\/v2\/product_tag?post=32"}],"curies":[{"name":"wp","href":"https:\/\/api.w.org\/{rel}","templated":true}]}}