{"id":248,"date":"2019-04-10T19:02:41","date_gmt":"2019-04-10T22:02:41","guid":{"rendered":"http:\/\/https\/\/web4demos.com.ar\/bellavita\/?post_type=product&#038;p=248"},"modified":"2023-12-03T11:17:38","modified_gmt":"2023-12-03T14:17:38","slug":"masajeador-de-cuello-termico","status":"publish","type":"product","link":"https:\/\/www.web4demos.com.ar\/bellavita\/product\/masajeador-de-cuello-termico\/","title":{"rendered":"Masajeador de cuello t\u00e9rmico"},"content":{"rendered":"<p>Masaje t\u00e9rmico, vibratorio y circular para cuello<br \/>\nPortable sin cables<br \/>\nBateria de alta duraci\u00f3n recargable con USB o corriente 220 v.<br \/>\nControl digital de intensidad y termostato<br \/>\nTemporizador con corte autom\u00e1tico<br \/>\nErgon\u00f3mico y confortable<br \/>\nSe adpata a todo tipo y tama\u00f1o de cuerpos<\/p>\n","protected":false},"excerpt":{"rendered":"<p>Masaje t\u00e9rmico, vibratorio y circular para cuello Portable sin cables Bateria de alta duraci\u00f3n recargable con USB o corriente 220 v. Control digital de intensidad y termostato Temporizador con corte autom\u00e1tico Ergon\u00f3mico y confortable Se adpata a todo tipo y tama\u00f1o de cuerpos<\/p>\n","protected":false},"featured_media":186,"template":"","meta":{"_et_pb_use_builder":"","_et_pb_old_content":"","_et_gb_content_width":""},"product_brand":[],"product_cat":[44,84,103,22,102,19],"product_tag":[143,61,140,28,141,142],"class_list":{"0":"post-248","1":"product","2":"type-product","3":"status-publish","4":"has-post-thumbnail","6":"product_cat-accessorios","7":"product_cat-cuidado-corporal","8":"product_cat-electronica","9":"product_cat-kits-para-spa","10":"product_cat-relax","11":"product_cat-spa-en-casa","12":"product_tag-contracturas","13":"product_tag-cuello","14":"product_tag-masajeador","15":"product_tag-relax","16":"product_tag-termico","17":"product_tag-vibratorio","19":"first","20":"instock","21":"featured","22":"shipping-taxable","23":"purchasable","24":"product-type-simple"},"_links":{"self":[{"href":"https:\/\/www.web4demos.com.ar\/bellavita\/wp-json\/wp\/v2\/product\/248","targetHints":{"allow":["GET"]}}],"collection":[{"href":"https:\/\/www.web4demos.com.ar\/bellavita\/wp-json\/wp\/v2\/product"}],"about":[{"href":"https:\/\/www.web4demos.com.ar\/bellavita\/wp-json\/wp\/v2\/types\/product"}],"wp:featuredmedia":[{"embeddable":true,"href":"https:\/\/www.web4demos.com.ar\/bellavita\/wp-json\/wp\/v2\/media\/186"}],"wp:attachment":[{"href":"https:\/\/www.web4demos.com.ar\/bellavita\/wp-json\/wp\/v2\/media?parent=248"}],"wp:term":[{"taxonomy":"product_brand","embeddable":true,"href":"https:\/\/www.web4demos.com.ar\/bellavita\/wp-json\/wp\/v2\/product_brand?post=248"},{"taxonomy":"product_cat","embeddable":true,"href":"https:\/\/www.web4demos.com.ar\/bellavita\/wp-json\/wp\/v2\/product_cat?post=248"},{"taxonomy":"product_tag","embeddable":true,"href":"https:\/\/www.web4demos.com.ar\/bellavita\/wp-json\/wp\/v2\/product_tag?post=248"}],"curies":[{"name":"wp","href":"https:\/\/api.w.org\/{rel}","templated":true}]}}