{"id":25,"date":"2019-04-07T15:05:32","date_gmt":"2019-04-07T18:05:32","guid":{"rendered":"http:\/\/https\/\/web4demos.com.ar\/bellavita\/?page_id=25"},"modified":"2023-12-02T19:54:45","modified_gmt":"2023-12-02T22:54:45","slug":"bienvenida","status":"publish","type":"page","link":"https:\/\/www.web4demos.com.ar\/bellavita\/","title":{"rendered":"Gracias por tu visita"},"content":{"rendered":"<p>[et_pb_section fb_built=\u00bb1&#8243; admin_label=\u00bbsection\u00bb _builder_version=\u00bb4.23.1&#8243; hover_enabled=\u00bb0&#8243; global_colors_info=\u00bb{}\u00bb title_text=\u00bbbanner 2&#8243; background_image=\u00bbhttps:\/\/web4demos.com.ar\/bellavita\/wp-content\/uploads\/2023\/12\/banner-2.jpg\u00bb background_position=\u00bbcenter_left\u00bb module_alignment=\u00bbcenter\u00bb height=\u00bb600px\u00bb sticky_enabled=\u00bb0&#8243; bottom_divider_style=\u00bbwave2&#8243; background_color=\u00bbrgba(28,28,28,0.47)\u00bb background_blend=\u00bbmultiply\u00bb next_background_color=\u00bb#ffffff\u00bb][et_pb_row admin_label=\u00bbrow\u00bb _builder_version=\u00bb4.23.1&#8243; background_size=\u00bbinitial\u00bb background_position=\u00bbtop_left\u00bb background_repeat=\u00bbrepeat\u00bb hover_enabled=\u00bb0&#8243; global_colors_info=\u00bb{}\u00bb custom_padding=\u00bb0px||0px||true|false\u00bb custom_margin=\u00bb0px||0px||true|false\u00bb sticky_enabled=\u00bb0&#8243;][et_pb_column type=\u00bb4_4&#8243; _builder_version=\u00bb4.16&#8243; custom_padding=\u00bb|||\u00bb global_colors_info=\u00bb{}\u00bb custom_padding__hover=\u00bb|||\u00bb][et_pb_cta button_text=\u00bbVer CAT\u00c1LOGO\u00bb _builder_version=\u00bb4.23.1&#8243; _module_preset=\u00bbdefault\u00bb hover_enabled=\u00bb0&#8243; sticky_enabled=\u00bb0&#8243; button_url=\u00bb#\u00bb background_enable_color=\u00bboff\u00bb body_font_size=\u00bb36px\u00bb body_line_height=\u00bb2em\u00bb body_text_shadow_style=\u00bbpreset2&#8243; custom_button=\u00bbon\u00bb button_custom_margin=\u00bb30px||||false|false\u00bb custom_padding=\u00bb10px||10px||true|false\u00bb module_alignment=\u00bbcenter\u00bb width=\u00bb100%\u00bb body_font_size_last_edited=\u00bbon|phone\u00bb body_font_size_tablet=\u00bb28px\u00bb body_font_size_phone=\u00bb20px\u00bb]<\/p>\n<p>Te invitamos a descubrir una nueva forma de vivir en armon\u00eda y plenitud cuidando tu cuerpo y tu mente.<\/p>\n<p>Aqu\u00ed encontrar\u00e1s el mejor cat\u00e1logo de productos para tu bienestar y relax.<\/p>\n<p>[\/et_pb_cta][\/et_pb_column][\/et_pb_row][\/et_pb_section][et_pb_section fb_built=\u00bb1&#8243; theme_builder_area=\u00bbpost_content\u00bb _builder_version=\u00bb4.23.1&#8243; _module_preset=\u00bbdefault\u00bb][et_pb_row _builder_version=\u00bb4.23.1&#8243; _module_preset=\u00bbdefault\u00bb theme_builder_area=\u00bbpost_content\u00bb][et_pb_column _builder_version=\u00bb4.23.1&#8243; _module_preset=\u00bbdefault\u00bb type=\u00bb4_4&#8243; theme_builder_area=\u00bbpost_content\u00bb][et_pb_shop _builder_version=\u00bb4.23.1&#8243; _module_preset=\u00bbdefault\u00bb theme_builder_area=\u00bbpost_content\u00bb columns_number=\u00bb6&#8243; type=\u00bbfeatured\u00bb show_rating=\u00bboff\u00bb hover_enabled=\u00bb0&#8243; sticky_enabled=\u00bb0&#8243;][\/et_pb_shop][\/et_pb_column][\/et_pb_row][\/et_pb_section]<\/p>\n","protected":false},"excerpt":{"rendered":"<p>Te invitamos a descubrir una nueva forma de vivir en armon\u00eda y plenitud cuidando tu cuerpo y tu mente. Aqu\u00ed encontrar\u00e1s el mejor cat\u00e1logo de productos para tu bienestar y relax.<\/p>\n","protected":false},"author":1,"featured_media":675,"parent":0,"menu_order":0,"comment_status":"closed","ping_status":"closed","template":"","meta":{"_et_pb_use_builder":"on","_et_pb_old_content":"<p>Te invitamos a descubrir una nueva forma de vivir en armon\u00eda y plenitud cuidando tu cuerpo y tu mente.<\/p>\n<p>En nuestra <strong><span style=\"color: #ffffff;\"><a style=\"color: #ffffff;\" href=\"https\/\/web4demos.com.ar\/bellavita\/shop\/\" data-wplink-url-error=\"true\">TIENDA<\/a><\/span><\/strong> encontrar\u00e1s el mejor cat\u00e1logo de productos para tu bienestar y relax.<\/p>\n<p><\/p>\n\n<!-- wp:paragraph -->\n<p><\/p>\n<!-- \/wp:paragraph -->","_et_gb_content_width":"","footnotes":""},"class_list":["post-25","page","type-page","status-publish","has-post-thumbnail","hentry"],"_links":{"self":[{"href":"https:\/\/www.web4demos.com.ar\/bellavita\/wp-json\/wp\/v2\/pages\/25","targetHints":{"allow":["GET"]}}],"collection":[{"href":"https:\/\/www.web4demos.com.ar\/bellavita\/wp-json\/wp\/v2\/pages"}],"about":[{"href":"https:\/\/www.web4demos.com.ar\/bellavita\/wp-json\/wp\/v2\/types\/page"}],"author":[{"embeddable":true,"href":"https:\/\/www.web4demos.com.ar\/bellavita\/wp-json\/wp\/v2\/users\/1"}],"replies":[{"embeddable":true,"href":"https:\/\/www.web4demos.com.ar\/bellavita\/wp-json\/wp\/v2\/comments?post=25"}],"version-history":[{"count":0,"href":"https:\/\/www.web4demos.com.ar\/bellavita\/wp-json\/wp\/v2\/pages\/25\/revisions"}],"wp:featuredmedia":[{"embeddable":true,"href":"https:\/\/www.web4demos.com.ar\/bellavita\/wp-json\/wp\/v2\/media\/675"}],"wp:attachment":[{"href":"https:\/\/www.web4demos.com.ar\/bellavita\/wp-json\/wp\/v2\/media?parent=25"}],"curies":[{"name":"wp","href":"https:\/\/api.w.org\/{rel}","templated":true}]}}