{"id":612,"date":"2023-11-05T17:17:57","date_gmt":"2023-11-05T17:17:57","guid":{"rendered":"https:\/\/web4demos.com.ar\/aitor\/?post_type=product&#038;p=612"},"modified":"2023-11-10T18:11:18","modified_gmt":"2023-11-10T21:11:18","slug":"reloj-sumergible-montreal-mod-ml245","status":"publish","type":"product","link":"https:\/\/www.web4demos.com.ar\/aitor\/producto\/reloj-sumergible-montreal-mod-ml245\/","title":{"rendered":"Reloj anal\u00f3gico digital sumergible \u00abMONTREAL\u00bb"},"content":{"rendered":"<h2>Reloj anal\u00f3gico digital sumergible \u00abMONTREAL\u00bb<\/h2>\n<ul>\n<li>Mod. Ml245<\/li>\n<li>Reloj pulsera ana-digi MONTREAL para hombre<\/li>\n<li>Caja: pl\u00e1stico<\/li>\n<li>Correa: caucho<\/li>\n<li>Hebilla: metal<\/li>\n<li>Cristal: plano<\/li>\n<li>Doble mecanismo: an\u00e1logo y digital<\/li>\n<li>Sumergible: 3 atm (30 metros)<\/li>\n<li>Cron\u00f3grafo<\/li>\n<li>Alarma<\/li>\n<li>Calendario: fecha, mes y d\u00eda de la semana<\/li>\n<li>Luz: electroluminscente<\/li>\n<li>Color: blanco<\/li>\n<li>Bater\u00eda de litio y bater\u00eda de \u00f3xido de plata (reciclable)<\/li>\n<li>Mecanismo an\u00e1logo &#8211; digital<\/li>\n<\/ul>\n<div class=\"vip-nav-bounds\">\n<div class=\"layout-main u-clearfix\">\n<div class=\"layout-col layout-col--left\">\n<section class=\"main-section item-description \">\n<div id=\"description-includes\" class=\"item-description__content \">\n<div class=\"item-description__text\"><\/div>\n<\/div>\n<\/section>\n<\/div>\n<\/div>\n<\/div>\n","protected":false},"excerpt":{"rendered":"<p><strong>Marca: Montreal<br \/>\n<\/strong>Modelo: Ml245<\/p>\n","protected":false},"featured_media":711,"template":"","meta":{"_et_pb_use_builder":"","_et_pb_old_content":"","_et_gb_content_width":""},"pwb-brand":[483],"product_brand":[],"product_cat":[16,19,385],"product_tag":[513,386,393,390,391],"class_list":{"0":"post-612","1":"product","2":"type-product","3":"status-publish","4":"has-post-thumbnail","6":"pwb-brand-montreal","7":"product_cat-accessorios","8":"product_cat-joyas","9":"product_cat-relojes","10":"product_tag-alarma","11":"product_tag-analogico","12":"product_tag-cronografo","13":"product_tag-digital","14":"product_tag-sumergible","16":"first","17":"instock","18":"sale","19":"shipping-taxable","20":"purchasable","21":"product-type-simple"},"brands":[{"id":483,"name":"Montreal","slug":"montreal"}],"_links":{"self":[{"href":"https:\/\/www.web4demos.com.ar\/aitor\/wp-json\/wp\/v2\/product\/612","targetHints":{"allow":["GET"]}}],"collection":[{"href":"https:\/\/www.web4demos.com.ar\/aitor\/wp-json\/wp\/v2\/product"}],"about":[{"href":"https:\/\/www.web4demos.com.ar\/aitor\/wp-json\/wp\/v2\/types\/product"}],"wp:featuredmedia":[{"embeddable":true,"href":"https:\/\/www.web4demos.com.ar\/aitor\/wp-json\/wp\/v2\/media\/711"}],"wp:attachment":[{"href":"https:\/\/www.web4demos.com.ar\/aitor\/wp-json\/wp\/v2\/media?parent=612"}],"wp:term":[{"taxonomy":"pwb-brand","embeddable":true,"href":"https:\/\/www.web4demos.com.ar\/aitor\/wp-json\/wp\/v2\/pwb-brand?post=612"},{"taxonomy":"product_brand","embeddable":true,"href":"https:\/\/www.web4demos.com.ar\/aitor\/wp-json\/wp\/v2\/product_brand?post=612"},{"taxonomy":"product_cat","embeddable":true,"href":"https:\/\/www.web4demos.com.ar\/aitor\/wp-json\/wp\/v2\/product_cat?post=612"},{"taxonomy":"product_tag","embeddable":true,"href":"https:\/\/www.web4demos.com.ar\/aitor\/wp-json\/wp\/v2\/product_tag?post=612"}],"curies":[{"name":"wp","href":"https:\/\/api.w.org\/{rel}","templated":true}]}}