{"id":607,"date":"2023-11-05T17:17:57","date_gmt":"2023-11-05T17:17:57","guid":{"rendered":"https:\/\/web4demos.com.ar\/aitor\/?post_type=product&#038;p=607"},"modified":"2023-11-18T15:33:43","modified_gmt":"2023-11-18T18:33:43","slug":"perfume-importado-original-carolina-herrera-212-vip-men-x-200ml","status":"publish","type":"product","link":"https:\/\/www.web4demos.com.ar\/aitor\/producto\/perfume-importado-original-carolina-herrera-212-vip-men-x-200ml\/","title":{"rendered":"Perfume Importado \u00abCAROLINA HERRERA\u00bb 212 VIP Men x 200ml"},"content":{"rendered":"<h2>Perfume Importado \u00abCAROLINA HERRERA\u00bb 212 VIP Men x 200ml<\/h2>\n<div class=\"vip-nav-bounds\">\n<div class=\"layout-main u-clearfix\">\n<div class=\"layout-col layout-col--left\">\n<section class=\"main-section item-description \">\n<div id=\"description-includes\" class=\"item-description__content \">\n<div class=\"item-description__text\">\n<ul>\n<li>212 VIP MEN de Carolina Herrera<\/li>\n<li>EAU DE TOILETTE 200ML-VAPORISATEUR<\/li>\n<li>MADE IN SPAIN<\/li>\n<li>212 VIP Men de Carolina Herrera es una fragancia de la familia olfativa Oriental Amaderada para Hombres. 212 VIP Men se lanz\u00f3 en 2011. 212 VIP Men fue creada por Emilie (Bevierre) Coppermann y Lucas Sieuzac. Las Notas de Salida son lima (lim\u00f3n verde), caviar, pimienta, jengibre y maracuy\u00e1 (fruta de la pasi\u00f3n); las Notas de Coraz\u00f3n son especias, vodka, ginebra y menta; las Notas de Fondo son \u00e1mbar, cuero y notas amaderadas.<\/li>\n<li>ORIGINAL &#8211; IMPORTADO &#8211; CELOFAN Y ESTAMPILLA AFIP<\/li>\n<\/ul>\n<\/div>\n<\/div>\n<\/section>\n<\/div>\n<\/div>\n<\/div>\n","protected":false},"excerpt":{"rendered":"<p><strong>Marca: Carolina Herrera<br \/>\n<\/strong>Mod: 212 VIP Men<br \/>\n200 ml<\/p>\n","protected":false},"featured_media":691,"template":"","meta":{"_et_pb_use_builder":"","_et_pb_old_content":"","_et_gb_content_width":""},"pwb-brand":[448],"product_brand":[],"product_cat":[16,371],"product_tag":[380,347],"class_list":{"0":"post-607","1":"product","2":"type-product","3":"status-publish","4":"has-post-thumbnail","6":"pwb-brand-carolina-herrera","7":"product_cat-accessorios","8":"product_cat-perfumes","9":"product_tag-carolina-herrera","10":"product_tag-original","12":"first","13":"instock","14":"featured","15":"shipping-taxable","16":"purchasable","17":"product-type-simple"},"brands":[{"id":448,"name":"Carolina Herrera","slug":"carolina-herrera"}],"_links":{"self":[{"href":"https:\/\/www.web4demos.com.ar\/aitor\/wp-json\/wp\/v2\/product\/607","targetHints":{"allow":["GET"]}}],"collection":[{"href":"https:\/\/www.web4demos.com.ar\/aitor\/wp-json\/wp\/v2\/product"}],"about":[{"href":"https:\/\/www.web4demos.com.ar\/aitor\/wp-json\/wp\/v2\/types\/product"}],"wp:featuredmedia":[{"embeddable":true,"href":"https:\/\/www.web4demos.com.ar\/aitor\/wp-json\/wp\/v2\/media\/691"}],"wp:attachment":[{"href":"https:\/\/www.web4demos.com.ar\/aitor\/wp-json\/wp\/v2\/media?parent=607"}],"wp:term":[{"taxonomy":"pwb-brand","embeddable":true,"href":"https:\/\/www.web4demos.com.ar\/aitor\/wp-json\/wp\/v2\/pwb-brand?post=607"},{"taxonomy":"product_brand","embeddable":true,"href":"https:\/\/www.web4demos.com.ar\/aitor\/wp-json\/wp\/v2\/product_brand?post=607"},{"taxonomy":"product_cat","embeddable":true,"href":"https:\/\/www.web4demos.com.ar\/aitor\/wp-json\/wp\/v2\/product_cat?post=607"},{"taxonomy":"product_tag","embeddable":true,"href":"https:\/\/www.web4demos.com.ar\/aitor\/wp-json\/wp\/v2\/product_tag?post=607"}],"curies":[{"name":"wp","href":"https:\/\/api.w.org\/{rel}","templated":true}]}}