{"id":551,"date":"2023-11-05T17:17:35","date_gmt":"2023-11-05T17:17:35","guid":{"rendered":"https:\/\/web4demos.com.ar\/aitor\/?post_type=product&#038;p=551"},"modified":"2023-11-13T19:34:09","modified_gmt":"2023-11-13T22:34:09","slug":"mochila-natacion-arena-fast-pack","status":"publish","type":"product","link":"https:\/\/www.web4demos.com.ar\/aitor\/producto\/mochila-natacion-arena-fast-pack\/","title":{"rendered":"Mochila Nataci\u00f3n \u00abARENA\u00bb Fast Pack"},"content":{"rendered":"<h2>Mochila Nataci\u00f3n \u00abARENA\u00bb Fast Pack<\/h2>\n<div class=\"vip-nav-bounds\">\n<div class=\"layout-main u-clearfix\">\n<div class=\"layout-col layout-col--left\">\n<section class=\"main-section item-description \">\n<div id=\"description-includes\" class=\"item-description__content \">\n<div class=\"item-description__text\">Esta colecci\u00f3n de mochilas es el resultado de la evoluci\u00f3n de nuestras bolsas m\u00e1s innovadoras para la piscina.<br \/>\nEl modelo Fastpack 2.1 est\u00e1 equipado con un &#8216;sistema de gesti\u00f3n del espacio&#8217; que permite compactarlo o desplegarlo mediante una plataforma dise\u00f1ada en estrat\u00e9gicos compartimentos.<\/div>\n<\/div>\n<\/section>\n<\/div>\n<\/div>\n<\/div>\n<div class=\"vip-nav-bounds\">\n<div class=\"layout-main u-clearfix\">\n<div class=\"layout-col layout-col--left\">\n<section class=\"main-section item-description \">\n<div id=\"description-includes\" class=\"item-description__content \">\n<div class=\"item-description__text\">\n<ul>\n<li>Sectores confeccionados en tejido de malla para permitir una \u00f3ptima ventilaci\u00f3n y un eficiente control de la humedad.<\/li>\n<li>Compartimento inferior reforzado para transportar calzado.<\/li>\n<li>Integra un fuerte mosquet\u00f3n.<\/li>\n<li>Gran compartimento trasero para la tabla de flotaci\u00f3n, equipo para entrenar o, incluso, para un ordenador port\u00e1til.<\/li>\n<li>Dos bolsillos laterales de malla para el transporte de botellas.<\/li>\n<li>Panel de malla acolchado en la parte trasera, adem\u00e1s de correas, para una mayor comodidad a\u00fan cuando el bolsillo inferior no lleve carga.<\/li>\n<\/ul>\n<p>Especificaciones:<\/p>\n<ul>\n<li>&#8211; 60% Nylon 40% Polyester<\/li>\n<li>&#8211; Tama\u00f1o: 40 x 35 x 55 cm (45 litros)<\/li>\n<\/ul>\n<\/div>\n<\/div>\n<\/section>\n<\/div>\n<\/div>\n<\/div>\n","protected":false},"excerpt":{"rendered":"<p><strong>Marca: Arena<br \/>\n<\/strong>Mochila nataci\u00f3n premium 45 litros<\/p>\n","protected":false},"featured_media":635,"template":"","meta":{"_et_pb_use_builder":"","_et_pb_old_content":"","_et_gb_content_width":""},"pwb-brand":[453],"product_brand":[],"product_cat":[16,135,350,93],"product_tag":[351,352,353],"class_list":{"0":"post-551","1":"product","2":"type-product","3":"status-publish","4":"has-post-thumbnail","6":"pwb-brand-arena","7":"product_cat-accessorios","8":"product_cat-marroquineria","9":"product_cat-mochilas","10":"product_cat-training","11":"product_tag-anti-robo","12":"product_tag-antirrobo","13":"product_tag-mochila","15":"first","16":"instock","17":"shipping-taxable","18":"purchasable","19":"product-type-simple"},"brands":[{"id":453,"name":"Arena","slug":"arena"}],"_links":{"self":[{"href":"https:\/\/www.web4demos.com.ar\/aitor\/wp-json\/wp\/v2\/product\/551","targetHints":{"allow":["GET"]}}],"collection":[{"href":"https:\/\/www.web4demos.com.ar\/aitor\/wp-json\/wp\/v2\/product"}],"about":[{"href":"https:\/\/www.web4demos.com.ar\/aitor\/wp-json\/wp\/v2\/types\/product"}],"wp:featuredmedia":[{"embeddable":true,"href":"https:\/\/www.web4demos.com.ar\/aitor\/wp-json\/wp\/v2\/media\/635"}],"wp:attachment":[{"href":"https:\/\/www.web4demos.com.ar\/aitor\/wp-json\/wp\/v2\/media?parent=551"}],"wp:term":[{"taxonomy":"pwb-brand","embeddable":true,"href":"https:\/\/www.web4demos.com.ar\/aitor\/wp-json\/wp\/v2\/pwb-brand?post=551"},{"taxonomy":"product_brand","embeddable":true,"href":"https:\/\/www.web4demos.com.ar\/aitor\/wp-json\/wp\/v2\/product_brand?post=551"},{"taxonomy":"product_cat","embeddable":true,"href":"https:\/\/www.web4demos.com.ar\/aitor\/wp-json\/wp\/v2\/product_cat?post=551"},{"taxonomy":"product_tag","embeddable":true,"href":"https:\/\/www.web4demos.com.ar\/aitor\/wp-json\/wp\/v2\/product_tag?post=551"}],"curies":[{"name":"wp","href":"https:\/\/api.w.org\/{rel}","templated":true}]}}