{"id":548,"date":"2023-11-05T17:17:35","date_gmt":"2023-11-05T17:17:35","guid":{"rendered":"https:\/\/web4demos.com.ar\/aitor\/?post_type=product&#038;p=548"},"modified":"2023-11-13T19:44:14","modified_gmt":"2023-11-13T22:44:14","slug":"mochila-anti-robo-con-puerto-usb-copyline","status":"publish","type":"product","link":"https:\/\/www.web4demos.com.ar\/aitor\/producto\/mochila-anti-robo-con-puerto-usb-copyline\/","title":{"rendered":"Mochila anti robo con Puerto USB \u00abCOPYLINE\u00bb"},"content":{"rendered":"<h2>Mochila anti robo con Puerto USB \u00abCOPYLINE\u00bb<\/h2>\n<div class=\"vip-nav-bounds\">\n<div class=\"layout-main u-clearfix\">\n<div class=\"layout-col layout-col--left\">\n<section class=\"main-section item-description \">\n<div id=\"description-includes\" class=\"item-description__content \">\n<div class=\"item-description__text\">\n<ul>\n<li>Mochila Urbana porta notebook, tablet, anti robo con puerto USB,<\/li>\n<li>costuras reforzadas, ultra liviana.<\/li>\n<li>Varios colores<\/li>\n<li>Viaja tranquilo en el subte, tren , colectivo.<\/li>\n<li>Ideal para uso en bicicletas motos<\/li>\n<li>Resisten el agua poseen un dise\u00f1o compacto. Organizador interior. Brazaletes reforzados<\/li>\n<li>Contiene en su interior un puerto usb para utilizar cualquier tipo de Power Bank que requiera tu Notebook,Celulares, Tablet.<\/li>\n<li>La mochila posee cierres ocultos y posee cable usb para poder cargar el celular mediante un power bank (no incluido)<\/li>\n<li>Es resistente al agua y posee una capacidad de 35lt.<\/li>\n<li>Apertura de mochila con doble cierre oculto en la parte posterior, para evitar robos.<\/li>\n<li>Bandas Refractarias que favorecen la visualizaci\u00f3n nocturna.<\/li>\n<li>Bolsillo con cierre en las correas para tarjetas, muy pr\u00e1ctico en la ciudad, ej: SUBE.<\/li>\n<li>M\u00faltiples compartimientos acolchados ideales para transportar dispositivos electr\u00f3nicos (celular, tablet, Notebook, Ipad, c\u00e1mara, etc).&#8211;<\/li>\n<li>Tela repelente al agua y resistente a cortes.<\/li>\n<li>Posee un frente de goma impermeable y con capa pl\u00e1stica interna que brinda mayor protecci\u00f3n anti cortes.<\/li>\n<li>Bolsillos con cierre ocultos para mayor seguridad.<\/li>\n<li>Apertura de 180 grados.<\/li>\n<li>Capacidad de 35 litros.<\/li>\n<li>Medidas: 49 cm de altura, 32 cm de ancho y 20 cm de profundidad.<\/li>\n<\/ul>\n<\/div>\n<\/div>\n<\/section>\n<\/div>\n<\/div>\n<\/div>\n<p>&nbsp;<\/p>\n","protected":false},"excerpt":{"rendered":"<p><strong>Marca: Copyline<\/strong><\/p>\n<p>Mochila Urbana porta notebook, tablet , anti robo con puerto USB, varios colores<\/p>\n","protected":false},"featured_media":621,"template":"","meta":{"_et_pb_use_builder":"","_et_pb_old_content":"","_et_gb_content_width":""},"pwb-brand":[461],"product_brand":[],"product_cat":[16,135,350],"product_tag":[351,352,354,355,356],"class_list":{"0":"post-548","1":"product","2":"type-product","3":"status-publish","4":"has-post-thumbnail","6":"pwb-brand-copyline","7":"product_cat-accessorios","8":"product_cat-marroquineria","9":"product_cat-mochilas","10":"product_tag-anti-robo","11":"product_tag-antirrobo","12":"product_tag-notebook","13":"product_tag-tablet","14":"product_tag-usb","16":"first","17":"instock","18":"shipping-taxable","19":"purchasable","20":"product-type-simple"},"brands":[{"id":461,"name":"Copyline","slug":"copyline"}],"_links":{"self":[{"href":"https:\/\/www.web4demos.com.ar\/aitor\/wp-json\/wp\/v2\/product\/548","targetHints":{"allow":["GET"]}}],"collection":[{"href":"https:\/\/www.web4demos.com.ar\/aitor\/wp-json\/wp\/v2\/product"}],"about":[{"href":"https:\/\/www.web4demos.com.ar\/aitor\/wp-json\/wp\/v2\/types\/product"}],"wp:featuredmedia":[{"embeddable":true,"href":"https:\/\/www.web4demos.com.ar\/aitor\/wp-json\/wp\/v2\/media\/621"}],"wp:attachment":[{"href":"https:\/\/www.web4demos.com.ar\/aitor\/wp-json\/wp\/v2\/media?parent=548"}],"wp:term":[{"taxonomy":"pwb-brand","embeddable":true,"href":"https:\/\/www.web4demos.com.ar\/aitor\/wp-json\/wp\/v2\/pwb-brand?post=548"},{"taxonomy":"product_brand","embeddable":true,"href":"https:\/\/www.web4demos.com.ar\/aitor\/wp-json\/wp\/v2\/product_brand?post=548"},{"taxonomy":"product_cat","embeddable":true,"href":"https:\/\/www.web4demos.com.ar\/aitor\/wp-json\/wp\/v2\/product_cat?post=548"},{"taxonomy":"product_tag","embeddable":true,"href":"https:\/\/www.web4demos.com.ar\/aitor\/wp-json\/wp\/v2\/product_tag?post=548"}],"curies":[{"name":"wp","href":"https:\/\/api.w.org\/{rel}","templated":true}]}}