{"id":538,"date":"2023-11-05T17:17:34","date_gmt":"2023-11-05T17:17:34","guid":{"rendered":"https:\/\/web4demos.com.ar\/aitor\/?post_type=product&#038;p=538"},"modified":"2023-11-13T20:00:47","modified_gmt":"2023-11-13T23:00:47","slug":"boina-de-cuero-legitimo-artesanal-kot-brian-johnson","status":"publish","type":"product","link":"https:\/\/www.web4demos.com.ar\/aitor\/producto\/boina-de-cuero-legitimo-artesanal-kot-brian-johnson\/","title":{"rendered":"Boina de cuero leg\u00edtimo artesanal \u00abKOT\u00bb Brian Johnson"},"content":{"rendered":"<h2>Boina de cuero leg\u00edtimo artesanal \u00abKOT\u00bb Brian Johnson<\/h2>\n<div class=\"vip-nav-bounds\">\n<div class=\"layout-main u-clearfix\">\n<div class=\"layout-col layout-col--left\">\n<section class=\"main-section item-description \">\n<div id=\"description-includes\" class=\"item-description__content \">\n<div class=\"item-description__text\">\n<p>Caracteristicas<\/p>\n<ul>\n<li>Materiales: 100% Cuero gamuzado<\/li>\n<li>Interior: Forrada con raso, matelasseado con guata. Visera pl\u00e1stica y tafilete de gros<\/li>\n<li>Colores disponibles: verde oliva, marron, habano, azul marino, negro y gris<\/li>\n<\/ul>\n<p>Talles:<\/p>\n<p>Mida la circunsferencia de su cabeza a la altura de la mitad de la frente en linea recta hacia atr\u00e1s, con alg\u00fan cent\u00edmetro de costurero o un hilo, sin ajustar demasiado.<br \/>\nSi esta entre 2 talles, pida el mas grande.<\/p>\n<ul>\n<li>XS: 56cm<\/li>\n<li>S: 57cm<\/li>\n<li>M: 58cm<\/li>\n<li>L: 59cm<\/li>\n<li>XL: 60cm<\/li>\n<li>*2XL: 61cm<\/li>\n<li>*3XL: 62cm<\/li>\n<\/ul>\n<\/div>\n<\/div>\n<\/section>\n<\/div>\n<\/div>\n<\/div>\n","protected":false},"excerpt":{"rendered":"<p><strong>Marca: Kot<\/strong><\/p>\n<p>Modelo: Brian Johnson<\/p>\n<p>Gorra tipo boina artesanal de cuero vacuno gamuzado<\/p>\n","protected":false},"featured_media":580,"template":"","meta":{"_et_pb_use_builder":"","_et_pb_old_content":"","_et_gb_content_width":""},"pwb-brand":[477],"product_brand":[],"product_cat":[156,330,325,135],"product_tag":[157,159,333,326,165],"class_list":{"0":"post-538","1":"product","2":"type-product","3":"status-publish","4":"has-post-thumbnail","6":"pwb-brand-kot","7":"product_cat-artesanias","8":"product_cat-boinas","9":"product_cat-gorras","10":"product_cat-marroquineria","11":"product_tag-artesanal","12":"product_tag-cuero","13":"product_tag-gamuzado","14":"product_tag-gorra","15":"product_tag-vacuno","17":"first","18":"instock","19":"featured","20":"shipping-taxable","21":"purchasable","22":"product-type-simple"},"brands":[{"id":477,"name":"Kot","slug":"kot"}],"_links":{"self":[{"href":"https:\/\/www.web4demos.com.ar\/aitor\/wp-json\/wp\/v2\/product\/538","targetHints":{"allow":["GET"]}}],"collection":[{"href":"https:\/\/www.web4demos.com.ar\/aitor\/wp-json\/wp\/v2\/product"}],"about":[{"href":"https:\/\/www.web4demos.com.ar\/aitor\/wp-json\/wp\/v2\/types\/product"}],"wp:featuredmedia":[{"embeddable":true,"href":"https:\/\/www.web4demos.com.ar\/aitor\/wp-json\/wp\/v2\/media\/580"}],"wp:attachment":[{"href":"https:\/\/www.web4demos.com.ar\/aitor\/wp-json\/wp\/v2\/media?parent=538"}],"wp:term":[{"taxonomy":"pwb-brand","embeddable":true,"href":"https:\/\/www.web4demos.com.ar\/aitor\/wp-json\/wp\/v2\/pwb-brand?post=538"},{"taxonomy":"product_brand","embeddable":true,"href":"https:\/\/www.web4demos.com.ar\/aitor\/wp-json\/wp\/v2\/product_brand?post=538"},{"taxonomy":"product_cat","embeddable":true,"href":"https:\/\/www.web4demos.com.ar\/aitor\/wp-json\/wp\/v2\/product_cat?post=538"},{"taxonomy":"product_tag","embeddable":true,"href":"https:\/\/www.web4demos.com.ar\/aitor\/wp-json\/wp\/v2\/product_tag?post=538"}],"curies":[{"name":"wp","href":"https:\/\/api.w.org\/{rel}","templated":true}]}}