{"id":205,"date":"2023-11-05T17:15:57","date_gmt":"2023-11-05T17:15:57","guid":{"rendered":"https:\/\/web4demos.com.ar\/aitor\/?post_type=product&#038;p=205"},"modified":"2023-11-18T15:38:42","modified_gmt":"2023-11-18T18:38:42","slug":"conjunto-collar-distancia-dije-yin-yang-hombre-mujer-otato","status":"publish","type":"product","link":"https:\/\/www.web4demos.com.ar\/aitor\/producto\/conjunto-collar-distancia-dije-yin-yang-hombre-mujer-otato\/","title":{"rendered":"Conjunto Collar Distancia dije Yin Yang \u00abOTATO\u00bb"},"content":{"rendered":"<h2>Conjunto Collar Distancia dije Yin Yang \u00abOTATO\u00bb<\/h2>\n<ul>\n<li>Dije: Acero Quir\u00fargico<\/li>\n<li>Cadena: Acero Quir\u00fargico<\/li>\n<li>Sexo: Unisex<\/li>\n<li>*Apto para el uso en el Agua.<\/li>\n<\/ul>\n<p>Significado de los collares:<\/p>\n<p>El Yin Yang es un principio de la filosof\u00eda china, en donde el Yin y Yang son dos energ\u00edas opuestas que se necesitan y se complementan, la existencia de uno depende de la existencia del otro. El Yin y Yang es un s\u00edmbolo de armon\u00eda debido al equilibrio que produce la interacci\u00f3n de las dos energ\u00edas y permitir a esas personas que est\u00e1n lejos de una a otra a sentirse conectados. Estar lejos por alg\u00fan tiempo de alguien puede ser dif\u00edcil, no importa si es tu mam\u00e1, pap\u00e1, pareja, hermana o tus amigos\/as, es importante que tengas una parte de ellos en todo momento. Recibir\u00e1s dos collares. Cada uno de ustedes usar\u00e1 una parte del collar para que siempre se sientan cerca.<\/p>\n<p>Este collar esta compuesto por un dije doble, cada uno con su cadena colgante correspondiente.<\/p>\n<p>El precio es por el conjunto de los dos collares.<\/p>\n","protected":false},"excerpt":{"rendered":"<p><strong>Marca: Otato<br \/>\n<\/strong>Modelo: Ying &#8211; Yang<\/p>\n","protected":false},"featured_media":244,"template":"","meta":{"_et_pb_use_builder":"","_et_pb_old_content":"","_et_gb_content_width":""},"pwb-brand":[489],"product_brand":[],"product_cat":[16,18,147,19],"product_tag":[20,148,152,153,154,155],"class_list":{"0":"post-205","1":"product","2":"type-product","3":"status-publish","4":"has-post-thumbnail","6":"pwb-brand-otato","7":"product_cat-accessorios","8":"product_cat-bijouterie","9":"product_cat-colgantes","10":"product_cat-joyas","11":"product_tag-acero-quirurgico","12":"product_tag-cadena","13":"product_tag-collar","14":"product_tag-distancia","15":"product_tag-media-medalla","16":"product_tag-pareja","18":"first","19":"instock","20":"featured","21":"shipping-taxable","22":"purchasable","23":"product-type-simple"},"brands":[{"id":489,"name":"Otato","slug":"otato"}],"_links":{"self":[{"href":"https:\/\/www.web4demos.com.ar\/aitor\/wp-json\/wp\/v2\/product\/205","targetHints":{"allow":["GET"]}}],"collection":[{"href":"https:\/\/www.web4demos.com.ar\/aitor\/wp-json\/wp\/v2\/product"}],"about":[{"href":"https:\/\/www.web4demos.com.ar\/aitor\/wp-json\/wp\/v2\/types\/product"}],"wp:featuredmedia":[{"embeddable":true,"href":"https:\/\/www.web4demos.com.ar\/aitor\/wp-json\/wp\/v2\/media\/244"}],"wp:attachment":[{"href":"https:\/\/www.web4demos.com.ar\/aitor\/wp-json\/wp\/v2\/media?parent=205"}],"wp:term":[{"taxonomy":"pwb-brand","embeddable":true,"href":"https:\/\/www.web4demos.com.ar\/aitor\/wp-json\/wp\/v2\/pwb-brand?post=205"},{"taxonomy":"product_brand","embeddable":true,"href":"https:\/\/www.web4demos.com.ar\/aitor\/wp-json\/wp\/v2\/product_brand?post=205"},{"taxonomy":"product_cat","embeddable":true,"href":"https:\/\/www.web4demos.com.ar\/aitor\/wp-json\/wp\/v2\/product_cat?post=205"},{"taxonomy":"product_tag","embeddable":true,"href":"https:\/\/www.web4demos.com.ar\/aitor\/wp-json\/wp\/v2\/product_tag?post=205"}],"curies":[{"name":"wp","href":"https:\/\/api.w.org\/{rel}","templated":true}]}}