{"id":188,"date":"2023-11-05T17:15:51","date_gmt":"2023-11-05T17:15:51","guid":{"rendered":"https:\/\/web4demos.com.ar\/aitor\/?post_type=product&#038;p=188"},"modified":"2023-11-16T14:38:36","modified_gmt":"2023-11-16T17:38:36","slug":"gafas-de-sol-deportivas-polarizado-oakley-gascan","status":"publish","type":"product","link":"https:\/\/www.web4demos.com.ar\/aitor\/producto\/gafas-de-sol-deportivas-polarizado-oakley-gascan\/","title":{"rendered":"Gafas de sol deportivas polarizado \u00abOAKLEY\u00bb Mod. Gascan"},"content":{"rendered":"<h2>Gafas de sol deportivas polarizado \u00abOAKLEY\u00bb Mod. Gascan<\/h2>\n<p>Oakley Intercambia curvas suaves para los bordes rectos y las l\u00edneas duras para esculpir los primeros tonos de estilo de vida de alto ajuste. El dise\u00f1o de la lente t\u00f3rica se conoci\u00f3 como Gascan\u00ae y gener\u00f3 una est\u00e9tica tan nueva y original que personalizamos nuestro logotipo corporativo para el marco.<\/p>\n<p>Al mejorar la seguridad, la comodidad y el rendimiento, las lentes Oakley HDPolarized filtran el 99% del reflejo reflejado sin la bruma y la distorsi\u00f3n \u00f3ptica que pueden venir con las lentes polarizadas fabricadas con t\u00e9cnicas de fabricaci\u00f3n convencionales.<\/p>\n","protected":false},"excerpt":{"rendered":"<p><strong>Marca: Oakley<br \/>\n<\/strong>Mod: Gascan<\/p>\n","protected":false},"featured_media":194,"template":"","meta":{"_et_pb_use_builder":"","_et_pb_old_content":"","_et_gb_content_width":""},"pwb-brand":[487],"product_brand":[],"product_cat":[16,120,93],"product_tag":[122,123,124,125,126],"class_list":{"0":"post-188","1":"product","2":"type-product","3":"status-publish","4":"has-post-thumbnail","6":"pwb-brand-oakley","7":"product_cat-accessorios","8":"product_cat-anteojos","9":"product_cat-training","10":"product_tag-deportivo","11":"product_tag-gafas","12":"product_tag-polarizado","13":"product_tag-sol","14":"product_tag-sunglasses","16":"first","17":"instock","18":"shipping-taxable","19":"purchasable","20":"product-type-simple"},"brands":[{"id":487,"name":"Oakley","slug":"oakley"}],"_links":{"self":[{"href":"https:\/\/www.web4demos.com.ar\/aitor\/wp-json\/wp\/v2\/product\/188","targetHints":{"allow":["GET"]}}],"collection":[{"href":"https:\/\/www.web4demos.com.ar\/aitor\/wp-json\/wp\/v2\/product"}],"about":[{"href":"https:\/\/www.web4demos.com.ar\/aitor\/wp-json\/wp\/v2\/types\/product"}],"wp:featuredmedia":[{"embeddable":true,"href":"https:\/\/www.web4demos.com.ar\/aitor\/wp-json\/wp\/v2\/media\/194"}],"wp:attachment":[{"href":"https:\/\/www.web4demos.com.ar\/aitor\/wp-json\/wp\/v2\/media?parent=188"}],"wp:term":[{"taxonomy":"pwb-brand","embeddable":true,"href":"https:\/\/www.web4demos.com.ar\/aitor\/wp-json\/wp\/v2\/pwb-brand?post=188"},{"taxonomy":"product_brand","embeddable":true,"href":"https:\/\/www.web4demos.com.ar\/aitor\/wp-json\/wp\/v2\/product_brand?post=188"},{"taxonomy":"product_cat","embeddable":true,"href":"https:\/\/www.web4demos.com.ar\/aitor\/wp-json\/wp\/v2\/product_cat?post=188"},{"taxonomy":"product_tag","embeddable":true,"href":"https:\/\/www.web4demos.com.ar\/aitor\/wp-json\/wp\/v2\/product_tag?post=188"}],"curies":[{"name":"wp","href":"https:\/\/api.w.org\/{rel}","templated":true}]}}